{"id":917,"date":"2020-02-19T20:19:02","date_gmt":"2020-02-19T19:19:02","guid":{"rendered":"http:\/\/draussen-zuhause.net\/?page_id=917"},"modified":"2020-03-05T07:42:02","modified_gmt":"2020-03-05T06:42:02","slug":"das-ist-mir-wichtig","status":"publish","type":"page","link":"https:\/\/draussen-zuhause.net\/?page_id=917","title":{"rendered":"Das ist mir wichtig"},"content":{"rendered":"\t\t<div data-elementor-type=\"wp-page\" data-elementor-id=\"917\" class=\"elementor elementor-917\">\n\t\t\t\t\t\t<section class=\"elementor-section elementor-top-section elementor-element elementor-element-5892368 elementor-section-boxed elementor-section-height-default elementor-section-height-default\" data-id=\"5892368\" data-element_type=\"section\">\n\t\t\t\t\t\t<div class=\"elementor-container elementor-column-gap-default\">\n\t\t\t\t\t<div class=\"elementor-column elementor-col-100 elementor-top-column elementor-element elementor-element-79a10f4\" data-id=\"79a10f4\" data-element_type=\"column\">\n\t\t\t<div class=\"elementor-widget-wrap elementor-element-populated\">\n\t\t\t\t\t\t<div class=\"elementor-element elementor-element-c90ccc8 elementor-widget__width-inherit elementor-widget elementor-widget-image\" data-id=\"c90ccc8\" data-element_type=\"widget\" data-widget_type=\"image.default\">\n\t\t\t\t<div class=\"elementor-widget-container\">\n\t\t\t\t\t\t\t\t\t\t\t\t\t\t\t<img decoding=\"async\" src=\"https:\/\/draussen-zuhause.net\/wp-content\/uploads\/elementor\/thumbs\/Chr-VKarten-quad7-oleuvoumzq48hdzih2iauls0top3wuxy72kbyuj9a0.jpg\" title=\"Berge Wolken Sonne Kapelle\" alt=\"Berge Wolken Sonne Kapelle\" loading=\"lazy\" \/>\t\t\t\t\t\t\t\t\t\t\t\t\t\t\t<\/div>\n\t\t\t\t<\/div>\n\t\t\t\t\t<\/div>\n\t\t<\/div>\n\t\t\t\t\t<\/div>\n\t\t<\/section>\n\t\t\t\t<section class=\"elementor-section elementor-top-section elementor-element elementor-element-68b22f2 elementor-section-boxed elementor-section-height-default elementor-section-height-default\" data-id=\"68b22f2\" data-element_type=\"section\">\n\t\t\t\t\t\t<div class=\"elementor-container elementor-column-gap-default\">\n\t\t\t\t\t<div class=\"elementor-column elementor-col-100 elementor-top-column elementor-element elementor-element-4026cde\" data-id=\"4026cde\" data-element_type=\"column\">\n\t\t\t<div class=\"elementor-widget-wrap elementor-element-populated\">\n\t\t\t\t\t\t<div class=\"elementor-element elementor-element-40fb312 elementor-widget elementor-widget-text-editor\" data-id=\"40fb312\" data-element_type=\"widget\" data-widget_type=\"text-editor.default\">\n\t\t\t\t<div class=\"elementor-widget-container\">\n\t\t\t\t\t\t\t\t\t<ul><li><strong>Das Leben ist ein Abenteuer<\/strong><\/li><\/ul><p>Es ist Dein Abenteuer. Sei neugierig, tr\u00e4ume, mache was Dir wichtig ist. H\u00f6re auf Dein Bauchgef\u00fchl.<\/p><p>Verbringe viel Zeit drau\u00dfen in der Natur. Das erdet und tut Dir gut.<\/p><ul><li><strong>Love it, change it or leave it<\/strong><\/li><\/ul><p>Tue die Dinge, die Du tust mit Begeisterung. Dort ist Deine Kraft und dort f\u00fchlst Du Dich zuhause.<\/p><p>Ver\u00e4ndere die Dinge, die Du ver\u00e4ndern willst und kannst. Wirke dort, wo es Dir m\u00f6glich ist. Wo nicht, dort verbrauche keine Energie.<\/p><p>Wenn Du nicht mehr am richtigen Platz bist, dann gehe. Das Leben ist Ver\u00e4nderung und der neue Weg entsteht beim Gehen.<\/p><p>Ab und zu brauchst Du eine Auszeit um zu pr\u00fcfen wo Du bist.<\/p><ul><li><strong>Freiheit bedeutet Selbstverantwortung<\/strong><\/li><\/ul><p>Du kannst immer w\u00e4hlen was Du tun willst. Ein Ja zur einen M\u00f6glichkeit ist immer auch ein nein zur anderen. Daf\u00fcr tr\u00e4gst Du die Verantwortung.<\/p><p>Du tr\u00e4gst Verantwortung f\u00fcr Deine Gesundheit durch gesundes Essen, Entspannung und Bewegung in der Natur.<\/p><p>Du tr\u00e4gst Verantwortung f\u00fcr Deinen Umgang mit anderen Menschen und Deiner Umwelt.<\/p><p>Du darfst immer nein sagen.<\/p><ul><li><strong>Leben findet immer jetzt statt<\/strong><\/li><\/ul><p>Lebe jetzt und tue jetzt was Dir wichtig ist. Lebe intensiv und genussvoll. Reduziere Deinen Lebensstil, das entspannt das Leben.<\/p><p>Mache lieber Fehler, als am Ende zu bereuen, etwas nicht getan zu haben<\/p><div>\u00a0<\/div><div>\u00a0<\/div><p>,<\/p>\t\t\t\t\t\t\t\t<\/div>\n\t\t\t\t<\/div>\n\t\t\t\t\t<\/div>\n\t\t<\/div>\n\t\t\t\t\t<\/div>\n\t\t<\/section>\n\t\t\t\t<section class=\"elementor-section elementor-top-section elementor-element elementor-element-5689e58 elementor-section-boxed elementor-section-height-default elementor-section-height-default\" data-id=\"5689e58\" data-element_type=\"section\">\n\t\t\t\t\t\t<div class=\"elementor-container elementor-column-gap-default\">\n\t\t\t\t\t<div class=\"elementor-column elementor-col-100 elementor-top-column elementor-element elementor-element-2c86c4f\" data-id=\"2c86c4f\" data-element_type=\"column\">\n\t\t\t<div class=\"elementor-widget-wrap elementor-element-populated\">\n\t\t\t\t\t\t<div class=\"elementor-element elementor-element-9729adb elementor-widget elementor-widget-spacer\" data-id=\"9729adb\" data-element_type=\"widget\" data-widget_type=\"spacer.default\">\n\t\t\t\t<div class=\"elementor-widget-container\">\n\t\t\t\t\t\t\t<div class=\"elementor-spacer\">\n\t\t\t<div class=\"elementor-spacer-inner\"><\/div>\n\t\t<\/div>\n\t\t\t\t\t\t<\/div>\n\t\t\t\t<\/div>\n\t\t\t\t\t<\/div>\n\t\t<\/div>\n\t\t\t\t\t<\/div>\n\t\t<\/section>\n\t\t\t\t<\/div>\n\t\t","protected":false},"excerpt":{"rendered":"<p>Das Leben ist ein Abenteuer Es ist Dein Abenteuer. Sei neugierig, tr\u00e4ume, mache was Dir wichtig ist. H\u00f6re auf Dein Bauchgef\u00fchl. Verbringe viel Zeit drau\u00dfen in der Natur. Das erdet und tut Dir gut. Love it, change it or leave it Tue die Dinge, die Du tust mit Begeisterung. Dort ist Deine Kraft und dort [&hellip;]<\/p>\n","protected":false},"author":3,"featured_media":0,"parent":0,"menu_order":0,"comment_status":"closed","ping_status":"closed","template":"","meta":{"ocean_post_layout":"full-width","ocean_both_sidebars_style":"","ocean_both_sidebars_content_width":0,"ocean_both_sidebars_sidebars_width":0,"ocean_sidebar":"0","ocean_second_sidebar":"0","ocean_disable_margins":"enable","ocean_add_body_class":"","ocean_shortcode_before_top_bar":"","ocean_shortcode_after_top_bar":"","ocean_shortcode_before_header":"","ocean_shortcode_after_header":"","ocean_has_shortcode":"","ocean_shortcode_after_title":"","ocean_shortcode_before_footer_widgets":"","ocean_shortcode_after_footer_widgets":"","ocean_shortcode_before_footer_bottom":"","ocean_shortcode_after_footer_bottom":"","ocean_display_top_bar":"default","ocean_display_header":"default","ocean_header_style":"","ocean_center_header_left_menu":"0","ocean_custom_header_template":"0","ocean_custom_logo":0,"ocean_custom_retina_logo":0,"ocean_custom_logo_max_width":0,"ocean_custom_logo_tablet_max_width":0,"ocean_custom_logo_mobile_max_width":0,"ocean_custom_logo_max_height":0,"ocean_custom_logo_tablet_max_height":0,"ocean_custom_logo_mobile_max_height":0,"ocean_header_custom_menu":"0","ocean_menu_typo_font_family":"0","ocean_menu_typo_font_subset":"","ocean_menu_typo_font_size":0,"ocean_menu_typo_font_size_tablet":0,"ocean_menu_typo_font_size_mobile":0,"ocean_menu_typo_font_size_unit":"px","ocean_menu_typo_font_weight":"","ocean_menu_typo_font_weight_tablet":"","ocean_menu_typo_font_weight_mobile":"","ocean_menu_typo_transform":"","ocean_menu_typo_transform_tablet":"","ocean_menu_typo_transform_mobile":"","ocean_menu_typo_line_height":0,"ocean_menu_typo_line_height_tablet":0,"ocean_menu_typo_line_height_mobile":0,"ocean_menu_typo_line_height_unit":"","ocean_menu_typo_spacing":0,"ocean_menu_typo_spacing_tablet":0,"ocean_menu_typo_spacing_mobile":0,"ocean_menu_typo_spacing_unit":"","ocean_menu_link_color":"","ocean_menu_link_color_hover":"","ocean_menu_link_color_active":"","ocean_menu_link_background":"","ocean_menu_link_hover_background":"","ocean_menu_link_active_background":"","ocean_menu_social_links_bg":"","ocean_menu_social_hover_links_bg":"","ocean_menu_social_links_color":"","ocean_menu_social_hover_links_color":"","ocean_disable_title":"default","ocean_disable_heading":"default","ocean_post_title":"","ocean_post_subheading":"","ocean_post_title_style":"","ocean_post_title_background_color":"","ocean_post_title_background":0,"ocean_post_title_bg_image_position":"","ocean_post_title_bg_image_attachment":"","ocean_post_title_bg_image_repeat":"","ocean_post_title_bg_image_size":"","ocean_post_title_height":0,"ocean_post_title_bg_overlay":0.5,"ocean_post_title_bg_overlay_color":"","ocean_disable_breadcrumbs":"default","ocean_breadcrumbs_color":"","ocean_breadcrumbs_separator_color":"","ocean_breadcrumbs_links_color":"","ocean_breadcrumbs_links_hover_color":"","ocean_display_footer_widgets":"default","ocean_display_footer_bottom":"default","ocean_custom_footer_template":"0","footnotes":""},"_links":{"self":[{"href":"https:\/\/draussen-zuhause.net\/index.php?rest_route=\/wp\/v2\/pages\/917"}],"collection":[{"href":"https:\/\/draussen-zuhause.net\/index.php?rest_route=\/wp\/v2\/pages"}],"about":[{"href":"https:\/\/draussen-zuhause.net\/index.php?rest_route=\/wp\/v2\/types\/page"}],"author":[{"embeddable":true,"href":"https:\/\/draussen-zuhause.net\/index.php?rest_route=\/wp\/v2\/users\/3"}],"replies":[{"embeddable":true,"href":"https:\/\/draussen-zuhause.net\/index.php?rest_route=%2Fwp%2Fv2%2Fcomments&post=917"}],"version-history":[{"count":11,"href":"https:\/\/draussen-zuhause.net\/index.php?rest_route=\/wp\/v2\/pages\/917\/revisions"}],"predecessor-version":[{"id":1029,"href":"https:\/\/draussen-zuhause.net\/index.php?rest_route=\/wp\/v2\/pages\/917\/revisions\/1029"}],"wp:attachment":[{"href":"https:\/\/draussen-zuhause.net\/index.php?rest_route=%2Fwp%2Fv2%2Fmedia&parent=917"}],"curies":[{"name":"wp","href":"https:\/\/api.w.org\/{rel}","templated":true}]}}