{"id":920,"date":"2020-02-19T20:20:47","date_gmt":"2020-02-19T19:20:47","guid":{"rendered":"http:\/\/draussen-zuhause.net\/?page_id=920"},"modified":"2020-03-05T07:43:26","modified_gmt":"2020-03-05T06:43:26","slug":"das-bringe-ich-mit","status":"publish","type":"page","link":"https:\/\/draussen-zuhause.net\/?page_id=920","title":{"rendered":"Das bringe ich mit"},"content":{"rendered":"\t\t<div data-elementor-type=\"wp-page\" data-elementor-id=\"920\" class=\"elementor elementor-920\">\n\t\t\t\t\t\t<section class=\"elementor-section elementor-top-section elementor-element elementor-element-338d7ef elementor-section-height-min-height elementor-section-boxed elementor-section-height-default elementor-section-items-middle\" data-id=\"338d7ef\" data-element_type=\"section\">\n\t\t\t\t\t\t<div class=\"elementor-container elementor-column-gap-default\">\n\t\t\t\t\t<div class=\"elementor-column elementor-col-100 elementor-top-column elementor-element elementor-element-e17f4b1\" data-id=\"e17f4b1\" data-element_type=\"column\">\n\t\t\t<div class=\"elementor-widget-wrap elementor-element-populated\">\n\t\t\t\t\t\t<div class=\"elementor-element elementor-element-3c56442 elementor-widget elementor-widget-image\" data-id=\"3c56442\" data-element_type=\"widget\" data-widget_type=\"image.default\">\n\t\t\t\t<div class=\"elementor-widget-container\">\n\t\t\t\t\t\t\t\t\t\t\t\t\t\t\t<img decoding=\"async\" src=\"https:\/\/draussen-zuhause.net\/wp-content\/uploads\/elementor\/thumbs\/ChristianeVikarte23-scaled-oiz2rof2vxsk078s2ljlj9q1qrxkb0nlygogm0mg7c.jpg\" title=\"Christiane am Meer\" alt=\"Christiane am Meer\" loading=\"lazy\" \/>\t\t\t\t\t\t\t\t\t\t\t\t\t\t\t<\/div>\n\t\t\t\t<\/div>\n\t\t\t\t\t<\/div>\n\t\t<\/div>\n\t\t\t\t\t<\/div>\n\t\t<\/section>\n\t\t\t\t<section class=\"elementor-section elementor-top-section elementor-element elementor-element-ed34264 elementor-section-boxed elementor-section-height-default elementor-section-height-default\" data-id=\"ed34264\" data-element_type=\"section\">\n\t\t\t\t\t\t<div class=\"elementor-container elementor-column-gap-default\">\n\t\t\t\t\t<div class=\"elementor-column elementor-col-100 elementor-top-column elementor-element elementor-element-581b541\" data-id=\"581b541\" data-element_type=\"column\">\n\t\t\t<div class=\"elementor-widget-wrap elementor-element-populated\">\n\t\t\t\t\t\t<div class=\"elementor-element elementor-element-5056836 elementor-widget elementor-widget-text-editor\" data-id=\"5056836\" data-element_type=\"widget\" data-widget_type=\"text-editor.default\">\n\t\t\t\t<div class=\"elementor-widget-container\">\n\t\t\t\t\t\t\t\t\t<p><strong>Christiane Werchau<\/strong> \u00a0\u00a0\u00a0 Dipl. Finanzwirtin, Dipl. Wirtschaftsp\u00e4dagogin<\/p><ul><li>20 Jahre Erfahrung in der Selbst\u00e4ndigkeit mit eigenen Firmen im Bereich Bergsport, soziale Kompetenzen, Seminaren und Veranstaltungen<\/li><li>10 Jahre Verkauf von Bergsport- und Kletterausr\u00fcstung im eigenen Gesch\u00e4ft<\/li><li>30 Jahre Familienmanagement<\/li><li>20 Jahre Ausbildungsarbeit in BundesLehrteams des <b>D<\/b>eutschen<b>A<\/b>lpen<b>V<\/b>ereins ( Lehrteam Familienbergsteigen, Lehrteam Inklusiv)<\/li><li>40 Jahre Erfahrung in der Jugendarbeit des DAV und der Leitung von Kursen und Veranstaltungen<\/li><li>verschiedene Bergsportausbildungen des DAV ( Trainerin C Bergsteigen, Trainerin C Klettern f\u00fcr Menschen mit Behinderung, Kletterbetreuerin, Familiengruppenleiterin)<\/li><li>Aus- und Weiterbildungen in Systemischem Coaching, Ern\u00e4hrung, Wellness, Achtsamkeit, Resilienz, Kommunikation, Therapeuthischem Klettern, PSA Pr\u00fcfung<\/li><li>Drau\u00dfen Kompetenzen ( Orientierung, Biwakieren, Feuer machen, Kochen am Feuer, Abenteuer in der Natur)<\/li><li>Seil Kompetenzen ( Klettersteig, Mobile Seilaufbauten, Klettern, H\u00f6hle)<\/li><li>Erlebnisp\u00e4dagogisches Methodenwissen in Theorie und Praxis<\/li><li>eigene Reiselust, Outdoorbegeisterung und Erfahrungen im H\u00f6henbergsteigen<\/li><li>gro\u00dfes Organisationstalent, Ver\u00e4nderungsbereitschaft, viel Bauchgef\u00fchl, Wissensdurst und Lebenserfahrung<\/li><\/ul>\t\t\t\t\t\t\t\t<\/div>\n\t\t\t\t<\/div>\n\t\t\t\t\t<\/div>\n\t\t<\/div>\n\t\t\t\t\t<\/div>\n\t\t<\/section>\n\t\t\t\t<section class=\"elementor-section elementor-top-section elementor-element elementor-element-e4406bb elementor-section-boxed elementor-section-height-default elementor-section-height-default\" data-id=\"e4406bb\" data-element_type=\"section\">\n\t\t\t\t\t\t<div class=\"elementor-container elementor-column-gap-default\">\n\t\t\t\t\t<div class=\"elementor-column elementor-col-100 elementor-top-column elementor-element elementor-element-90521a6\" data-id=\"90521a6\" data-element_type=\"column\">\n\t\t\t<div class=\"elementor-widget-wrap elementor-element-populated\">\n\t\t\t\t\t\t<div class=\"elementor-element elementor-element-1350c6d elementor-widget elementor-widget-spacer\" data-id=\"1350c6d\" data-element_type=\"widget\" data-widget_type=\"spacer.default\">\n\t\t\t\t<div class=\"elementor-widget-container\">\n\t\t\t\t\t\t\t<div class=\"elementor-spacer\">\n\t\t\t<div class=\"elementor-spacer-inner\"><\/div>\n\t\t<\/div>\n\t\t\t\t\t\t<\/div>\n\t\t\t\t<\/div>\n\t\t\t\t\t<\/div>\n\t\t<\/div>\n\t\t\t\t\t<\/div>\n\t\t<\/section>\n\t\t\t\t<\/div>\n\t\t","protected":false},"excerpt":{"rendered":"<p>Christiane Werchau \u00a0\u00a0\u00a0 Dipl. Finanzwirtin, Dipl. Wirtschaftsp\u00e4dagogin 20 Jahre Erfahrung in der Selbst\u00e4ndigkeit mit eigenen Firmen im Bereich Bergsport, soziale Kompetenzen, Seminaren und Veranstaltungen 10 Jahre Verkauf von Bergsport- und Kletterausr\u00fcstung im eigenen Gesch\u00e4ft 30 Jahre Familienmanagement 20 Jahre Ausbildungsarbeit in BundesLehrteams des DeutschenAlpenVereins ( Lehrteam Familienbergsteigen, Lehrteam Inklusiv) 40 Jahre Erfahrung in der Jugendarbeit [&hellip;]<\/p>\n","protected":false},"author":3,"featured_media":0,"parent":0,"menu_order":0,"comment_status":"closed","ping_status":"closed","template":"","meta":{"ocean_post_layout":"full-screen","ocean_both_sidebars_style":"","ocean_both_sidebars_content_width":0,"ocean_both_sidebars_sidebars_width":0,"ocean_sidebar":"0","ocean_second_sidebar":"0","ocean_disable_margins":"enable","ocean_add_body_class":"","ocean_shortcode_before_top_bar":"","ocean_shortcode_after_top_bar":"","ocean_shortcode_before_header":"","ocean_shortcode_after_header":"","ocean_has_shortcode":"","ocean_shortcode_after_title":"","ocean_shortcode_before_footer_widgets":"","ocean_shortcode_after_footer_widgets":"","ocean_shortcode_before_footer_bottom":"","ocean_shortcode_after_footer_bottom":"","ocean_display_top_bar":"default","ocean_display_header":"default","ocean_header_style":"","ocean_center_header_left_menu":"0","ocean_custom_header_template":"0","ocean_custom_logo":0,"ocean_custom_retina_logo":0,"ocean_custom_logo_max_width":0,"ocean_custom_logo_tablet_max_width":0,"ocean_custom_logo_mobile_max_width":0,"ocean_custom_logo_max_height":0,"ocean_custom_logo_tablet_max_height":0,"ocean_custom_logo_mobile_max_height":0,"ocean_header_custom_menu":"0","ocean_menu_typo_font_family":"0","ocean_menu_typo_font_subset":"","ocean_menu_typo_font_size":0,"ocean_menu_typo_font_size_tablet":0,"ocean_menu_typo_font_size_mobile":0,"ocean_menu_typo_font_size_unit":"px","ocean_menu_typo_font_weight":"","ocean_menu_typo_font_weight_tablet":"","ocean_menu_typo_font_weight_mobile":"","ocean_menu_typo_transform":"","ocean_menu_typo_transform_tablet":"","ocean_menu_typo_transform_mobile":"","ocean_menu_typo_line_height":0,"ocean_menu_typo_line_height_tablet":0,"ocean_menu_typo_line_height_mobile":0,"ocean_menu_typo_line_height_unit":"","ocean_menu_typo_spacing":0,"ocean_menu_typo_spacing_tablet":0,"ocean_menu_typo_spacing_mobile":0,"ocean_menu_typo_spacing_unit":"","ocean_menu_link_color":"","ocean_menu_link_color_hover":"","ocean_menu_link_color_active":"","ocean_menu_link_background":"","ocean_menu_link_hover_background":"","ocean_menu_link_active_background":"","ocean_menu_social_links_bg":"","ocean_menu_social_hover_links_bg":"","ocean_menu_social_links_color":"","ocean_menu_social_hover_links_color":"","ocean_disable_title":"default","ocean_disable_heading":"default","ocean_post_title":"","ocean_post_subheading":"","ocean_post_title_style":"","ocean_post_title_background_color":"","ocean_post_title_background":0,"ocean_post_title_bg_image_position":"","ocean_post_title_bg_image_attachment":"","ocean_post_title_bg_image_repeat":"","ocean_post_title_bg_image_size":"","ocean_post_title_height":0,"ocean_post_title_bg_overlay":0.5,"ocean_post_title_bg_overlay_color":"","ocean_disable_breadcrumbs":"default","ocean_breadcrumbs_color":"","ocean_breadcrumbs_separator_color":"","ocean_breadcrumbs_links_color":"","ocean_breadcrumbs_links_hover_color":"","ocean_display_footer_widgets":"default","ocean_display_footer_bottom":"default","ocean_custom_footer_template":"0","footnotes":""},"_links":{"self":[{"href":"https:\/\/draussen-zuhause.net\/index.php?rest_route=\/wp\/v2\/pages\/920"}],"collection":[{"href":"https:\/\/draussen-zuhause.net\/index.php?rest_route=\/wp\/v2\/pages"}],"about":[{"href":"https:\/\/draussen-zuhause.net\/index.php?rest_route=\/wp\/v2\/types\/page"}],"author":[{"embeddable":true,"href":"https:\/\/draussen-zuhause.net\/index.php?rest_route=\/wp\/v2\/users\/3"}],"replies":[{"embeddable":true,"href":"https:\/\/draussen-zuhause.net\/index.php?rest_route=%2Fwp%2Fv2%2Fcomments&post=920"}],"version-history":[{"count":18,"href":"https:\/\/draussen-zuhause.net\/index.php?rest_route=\/wp\/v2\/pages\/920\/revisions"}],"predecessor-version":[{"id":1030,"href":"https:\/\/draussen-zuhause.net\/index.php?rest_route=\/wp\/v2\/pages\/920\/revisions\/1030"}],"wp:attachment":[{"href":"https:\/\/draussen-zuhause.net\/index.php?rest_route=%2Fwp%2Fv2%2Fmedia&parent=920"}],"curies":[{"name":"wp","href":"https:\/\/api.w.org\/{rel}","templated":true}]}}