{"id":922,"date":"2020-02-19T20:21:24","date_gmt":"2020-02-19T19:21:24","guid":{"rendered":"http:\/\/draussen-zuhause.net\/?page_id=922"},"modified":"2020-03-01T13:52:16","modified_gmt":"2020-03-01T12:52:16","slug":"dabei-kann-ich-dich-unterstuetzen","status":"publish","type":"page","link":"https:\/\/draussen-zuhause.net\/?page_id=922","title":{"rendered":"Dabei kann ich dich unterst\u00fctzen"},"content":{"rendered":"\t\t<div data-elementor-type=\"wp-page\" data-elementor-id=\"922\" class=\"elementor elementor-922\">\n\t\t\t\t\t\t<section class=\"elementor-section elementor-top-section elementor-element elementor-element-6ab99e3 elementor-section-boxed elementor-section-height-default elementor-section-height-default\" data-id=\"6ab99e3\" data-element_type=\"section\">\n\t\t\t\t\t\t<div class=\"elementor-container elementor-column-gap-default\">\n\t\t\t\t\t<div class=\"elementor-column elementor-col-100 elementor-top-column elementor-element elementor-element-39b06b9\" data-id=\"39b06b9\" data-element_type=\"column\">\n\t\t\t<div class=\"elementor-widget-wrap elementor-element-populated\">\n\t\t\t\t\t\t<div class=\"elementor-element elementor-element-294691b elementor-widget__width-auto elementor-widget elementor-widget-image\" data-id=\"294691b\" data-element_type=\"widget\" data-widget_type=\"image.default\">\n\t\t\t\t<div class=\"elementor-widget-container\">\n\t\t\t\t\t\t\t\t\t\t\t\t\t\t\t<img decoding=\"async\" src=\"https:\/\/draussen-zuhause.net\/wp-content\/uploads\/elementor\/thumbs\/Chr-VKarten-quad-b14-oiz3bllxqj2wj9nb2s8eeukrdm6tpypzmjxrt3m1dc.jpg\" title=\"Chr-VKarten-quad-b(14)\" alt=\"Chr-VKarten-quad-b(14)\" loading=\"lazy\" \/>\t\t\t\t\t\t\t\t\t\t\t\t\t\t\t<\/div>\n\t\t\t\t<\/div>\n\t\t\t\t\t<\/div>\n\t\t<\/div>\n\t\t\t\t\t<\/div>\n\t\t<\/section>\n\t\t\t\t<section class=\"elementor-section elementor-top-section elementor-element elementor-element-4d92d53 elementor-section-boxed elementor-section-height-default elementor-section-height-default\" data-id=\"4d92d53\" data-element_type=\"section\">\n\t\t\t\t\t\t<div class=\"elementor-container elementor-column-gap-default\">\n\t\t\t\t\t<div class=\"elementor-column elementor-col-100 elementor-top-column elementor-element elementor-element-b53900f\" data-id=\"b53900f\" data-element_type=\"column\">\n\t\t\t<div class=\"elementor-widget-wrap elementor-element-populated\">\n\t\t\t\t\t\t<div class=\"elementor-element elementor-element-d2b3b50 elementor-widget elementor-widget-text-editor\" data-id=\"d2b3b50\" data-element_type=\"widget\" data-widget_type=\"text-editor.default\">\n\t\t\t\t<div class=\"elementor-widget-container\">\n\t\t\t\t\t\t\t\t\t<p><strong>Was?<\/strong><\/p><p>&#8230;.Du gerne tun m\u00f6chtest und bei dem ich Dich unterst\u00fctzen\u00a0 kann.<\/p><p>&#8222;Lieber mal was wagen, als ewig zu bereuen es nicht versucht zu haben&#8220;<\/p><ul><li>\u00a0Coaching von Ver\u00e4nderungsprozessen oder Neuorientierung im Leben<\/li><li>Ausbildung in Bergsport- oder Outdoorthemen<\/li><li>Seminare in meinen Kompetenzbereichen<\/li><li>Begleitung, F\u00fchrung oder Organisation von Touren zu speziellen Themen oder Orten<\/li><li>Begleitung von Reisen oder Auszeiten in der Natur<\/li><li>Verkauf von Bergsport-,H\u00f6hlen- oder Kletterausr\u00fcstung auf Anfrage<\/li><\/ul><p><strong>F\u00fcr wen?<\/strong><\/p><p>&#8230;.wenn nicht f\u00fcr Dich? Ich arbeite gerne mit Einzelpersonen, Paaren oder kleinen Gruppen bis zu 12 Personen. (In besonderen F\u00e4llen auch mehr)<\/p><p>Mit Frauen und Menschen mit Einschr\u00e4nkungen oder besonderen Bed\u00fcrfnissen arbeite ich besonders gerne.<\/p><p><strong>Wo?<\/strong><\/p><p>&#8230;.wenn nicht hier? An Deinem Lieblingsort, an meinem Lieblingsort, bei mir in der wundersch\u00f6nen Fr\u00e4nkischen Schweiz oder an allen m\u00f6glichen anderen Orten. Am liebsten Drau\u00dfen, im speziellen Fall aber auch mal Drinnen.<strong><br \/><\/strong><\/p><p><strong>Wann?<br \/><\/strong><\/p><p>&#8230;.wenn nicht jetzt? Sprich oder schreibe mich an und wir finden gemeinsam einen passenden Termin f\u00fcr Dein HerzensProjekt.<\/p><p>Ein paar Stunden, einen Tag, ein Wochenende, eine Woche oder l\u00e4nger oder auch regelm\u00e4\u00dfig. Je nachdem wieviel Zeit Du brauchst.<\/p><p><strong>\u00a0<\/strong><\/p>\t\t\t\t\t\t\t\t<\/div>\n\t\t\t\t<\/div>\n\t\t\t\t\t<\/div>\n\t\t<\/div>\n\t\t\t\t\t<\/div>\n\t\t<\/section>\n\t\t\t\t<section class=\"elementor-section elementor-top-section elementor-element elementor-element-f6f8b28 elementor-section-boxed elementor-section-height-default elementor-section-height-default\" data-id=\"f6f8b28\" data-element_type=\"section\">\n\t\t\t\t\t\t<div class=\"elementor-container elementor-column-gap-default\">\n\t\t\t\t\t<div class=\"elementor-column elementor-col-100 elementor-top-column elementor-element elementor-element-2c00b44\" data-id=\"2c00b44\" data-element_type=\"column\">\n\t\t\t<div class=\"elementor-widget-wrap elementor-element-populated\">\n\t\t\t\t\t\t<div class=\"elementor-element elementor-element-7689b72 elementor-widget elementor-widget-spacer\" data-id=\"7689b72\" data-element_type=\"widget\" data-widget_type=\"spacer.default\">\n\t\t\t\t<div class=\"elementor-widget-container\">\n\t\t\t\t\t\t\t<div class=\"elementor-spacer\">\n\t\t\t<div class=\"elementor-spacer-inner\"><\/div>\n\t\t<\/div>\n\t\t\t\t\t\t<\/div>\n\t\t\t\t<\/div>\n\t\t\t\t\t<\/div>\n\t\t<\/div>\n\t\t\t\t\t<\/div>\n\t\t<\/section>\n\t\t\t\t<\/div>\n\t\t","protected":false},"excerpt":{"rendered":"<p>Was? &#8230;.Du gerne tun m\u00f6chtest und bei dem ich Dich unterst\u00fctzen\u00a0 kann. &#8222;Lieber mal was wagen, als ewig zu bereuen es nicht versucht zu haben&#8220; \u00a0Coaching von Ver\u00e4nderungsprozessen oder Neuorientierung im Leben Ausbildung in Bergsport- oder Outdoorthemen Seminare in meinen Kompetenzbereichen Begleitung, F\u00fchrung oder Organisation von Touren zu speziellen Themen oder Orten Begleitung von Reisen [&hellip;]<\/p>\n","protected":false},"author":3,"featured_media":0,"parent":0,"menu_order":0,"comment_status":"closed","ping_status":"closed","template":"","meta":{"ocean_post_layout":"full-width","ocean_both_sidebars_style":"","ocean_both_sidebars_content_width":0,"ocean_both_sidebars_sidebars_width":0,"ocean_sidebar":"0","ocean_second_sidebar":"0","ocean_disable_margins":"enable","ocean_add_body_class":"","ocean_shortcode_before_top_bar":"","ocean_shortcode_after_top_bar":"","ocean_shortcode_before_header":"","ocean_shortcode_after_header":"","ocean_has_shortcode":"","ocean_shortcode_after_title":"","ocean_shortcode_before_footer_widgets":"","ocean_shortcode_after_footer_widgets":"","ocean_shortcode_before_footer_bottom":"","ocean_shortcode_after_footer_bottom":"","ocean_display_top_bar":"default","ocean_display_header":"default","ocean_header_style":"","ocean_center_header_left_menu":"0","ocean_custom_header_template":"0","ocean_custom_logo":0,"ocean_custom_retina_logo":0,"ocean_custom_logo_max_width":0,"ocean_custom_logo_tablet_max_width":0,"ocean_custom_logo_mobile_max_width":0,"ocean_custom_logo_max_height":0,"ocean_custom_logo_tablet_max_height":0,"ocean_custom_logo_mobile_max_height":0,"ocean_header_custom_menu":"0","ocean_menu_typo_font_family":"0","ocean_menu_typo_font_subset":"","ocean_menu_typo_font_size":0,"ocean_menu_typo_font_size_tablet":0,"ocean_menu_typo_font_size_mobile":0,"ocean_menu_typo_font_size_unit":"px","ocean_menu_typo_font_weight":"","ocean_menu_typo_font_weight_tablet":"","ocean_menu_typo_font_weight_mobile":"","ocean_menu_typo_transform":"","ocean_menu_typo_transform_tablet":"","ocean_menu_typo_transform_mobile":"","ocean_menu_typo_line_height":0,"ocean_menu_typo_line_height_tablet":0,"ocean_menu_typo_line_height_mobile":0,"ocean_menu_typo_line_height_unit":"","ocean_menu_typo_spacing":0,"ocean_menu_typo_spacing_tablet":0,"ocean_menu_typo_spacing_mobile":0,"ocean_menu_typo_spacing_unit":"","ocean_menu_link_color":"","ocean_menu_link_color_hover":"","ocean_menu_link_color_active":"","ocean_menu_link_background":"","ocean_menu_link_hover_background":"","ocean_menu_link_active_background":"","ocean_menu_social_links_bg":"","ocean_menu_social_hover_links_bg":"","ocean_menu_social_links_color":"","ocean_menu_social_hover_links_color":"","ocean_disable_title":"default","ocean_disable_heading":"default","ocean_post_title":"","ocean_post_subheading":"","ocean_post_title_style":"","ocean_post_title_background_color":"","ocean_post_title_background":0,"ocean_post_title_bg_image_position":"","ocean_post_title_bg_image_attachment":"","ocean_post_title_bg_image_repeat":"","ocean_post_title_bg_image_size":"","ocean_post_title_height":0,"ocean_post_title_bg_overlay":0.5,"ocean_post_title_bg_overlay_color":"","ocean_disable_breadcrumbs":"default","ocean_breadcrumbs_color":"","ocean_breadcrumbs_separator_color":"","ocean_breadcrumbs_links_color":"","ocean_breadcrumbs_links_hover_color":"","ocean_display_footer_widgets":"default","ocean_display_footer_bottom":"default","ocean_custom_footer_template":"0","footnotes":""},"_links":{"self":[{"href":"https:\/\/draussen-zuhause.net\/index.php?rest_route=\/wp\/v2\/pages\/922"}],"collection":[{"href":"https:\/\/draussen-zuhause.net\/index.php?rest_route=\/wp\/v2\/pages"}],"about":[{"href":"https:\/\/draussen-zuhause.net\/index.php?rest_route=\/wp\/v2\/types\/page"}],"author":[{"embeddable":true,"href":"https:\/\/draussen-zuhause.net\/index.php?rest_route=\/wp\/v2\/users\/3"}],"replies":[{"embeddable":true,"href":"https:\/\/draussen-zuhause.net\/index.php?rest_route=%2Fwp%2Fv2%2Fcomments&post=922"}],"version-history":[{"count":15,"href":"https:\/\/draussen-zuhause.net\/index.php?rest_route=\/wp\/v2\/pages\/922\/revisions"}],"predecessor-version":[{"id":1019,"href":"https:\/\/draussen-zuhause.net\/index.php?rest_route=\/wp\/v2\/pages\/922\/revisions\/1019"}],"wp:attachment":[{"href":"https:\/\/draussen-zuhause.net\/index.php?rest_route=%2Fwp%2Fv2%2Fmedia&parent=922"}],"curies":[{"name":"wp","href":"https:\/\/api.w.org\/{rel}","templated":true}]}}